{"id":24,"date":"2026-04-08T11:44:51","date_gmt":"2026-04-08T08:44:51","guid":{"rendered":"https:\/\/baytoyoto.com\/?page_id=24"},"modified":"2026-04-08T12:34:49","modified_gmt":"2026-04-08T09:34:49","slug":"24-2","status":"publish","type":"page","link":"https:\/\/baytoyoto.com\/index.php\/24-2\/","title":{"rendered":"HAKIMIZDA"},"content":{"rendered":"\n<p>BAY TOYOTO Su Ar\u0131tma Teknolojler San. Tc. Ltd. \u015et. 10 y\u0131la yakla\u015fan tcar hayat\u0131 boyunca sahp oldu\u011fu blg ve tecr\u00fcbey, sz de\u011ferl m\u00fc\u015fterler le payla\u015fman\u0131n heyecan\u0131n\u0131 duyar. Kuruldu\u011fu g\u00fcnden itibaren Su Ar\u0131tma Sistem ve Ekpmanlar\u0131 konusunda sat\u0131\u015f yapan uzman kadroya sahp olan \u015frketmz; Evsel ve end\u00fcstryel su ar\u0131tma alan\u0131nda thalat, hracat, sstem tasar\u0131m\u0131, montaj \u2013 montaj sonras\u0131 hzmetler ve mevcut evsel su ar\u0131tma chazlar\u0131na; end\u00fcstryel su ar\u0131tma sstemlerne at muhtelf par\u00e7alar\u0131n temnn sa\u011flamaktad\u0131r. Hzmetlermz montaj sonras\u0131 peryodk bak\u0131m \u015flemler, y\u0131ll\u0131k bak\u0131m \u015flemler, s\u00fcperviz\u00f6rl\u00fck i\u015flemlerini de kapsamaktad\u0131r. Frmam\u0131z\u0131n de\u011f\u015fmez prenspler dama kalte, hizmet, zaman\u0131nda teslmat ve uygun fiyat poltkas\u0131 olmu\u015ftur. \u00c7al\u0131\u015fma hayat\u0131nda ba\u015far\u0131 ve s\u00fcrekll\u011fn temnat\u0131 hzmette d\u00fcr\u00fcstl\u00fck ve kaltedr prensbyle \u00e7al\u0131\u015fan Bay TOYOTO, g\u00f6sterd\u011fnz yak\u0131n lg ve deste\u011finizden \u00f6t\u00fcr\u00fc te\u015fekk\u00fcr ederek sizlere bug\u00fcn ve gelecekte hizmet vermeye devam edecektr.<\/p>\n\n","protected":false},"excerpt":{"rendered":"","protected":false},"author":1,"featured_media":0,"parent":0,"menu_order":0,"comment_status":"closed","ping_status":"closed","template":"","meta":{"footnotes":""},"class_list":["post-24","page","type-page","status-publish","hentry"],"_links":{"self":[{"href":"https:\/\/baytoyoto.com\/index.php\/wp-json\/wp\/v2\/pages\/24","targetHints":{"allow":["GET"]}}],"collection":[{"href":"https:\/\/baytoyoto.com\/index.php\/wp-json\/wp\/v2\/pages"}],"about":[{"href":"https:\/\/baytoyoto.com\/index.php\/wp-json\/wp\/v2\/types\/page"}],"author":[{"embeddable":true,"href":"https:\/\/baytoyoto.com\/index.php\/wp-json\/wp\/v2\/users\/1"}],"replies":[{"embeddable":true,"href":"https:\/\/baytoyoto.com\/index.php\/wp-json\/wp\/v2\/comments?post=24"}],"version-history":[{"count":3,"href":"https:\/\/baytoyoto.com\/index.php\/wp-json\/wp\/v2\/pages\/24\/revisions"}],"predecessor-version":[{"id":74,"href":"https:\/\/baytoyoto.com\/index.php\/wp-json\/wp\/v2\/pages\/24\/revisions\/74"}],"wp:attachment":[{"href":"https:\/\/baytoyoto.com\/index.php\/wp-json\/wp\/v2\/media?parent=24"}],"curies":[{"name":"wp","href":"https:\/\/api.w.org\/{rel}","templated":true}]}}