{"id":2,"date":"2026-04-07T14:50:40","date_gmt":"2026-04-07T11:50:40","guid":{"rendered":"https:\/\/baytoyoto.com\/?page_id=2"},"modified":"2026-04-08T12:14:18","modified_gmt":"2026-04-08T09:14:18","slug":"anasayfa","status":"publish","type":"page","link":"https:\/\/baytoyoto.com\/","title":{"rendered":"ANASAYFA"},"content":{"rendered":"\n<div class=\"slider-wrapper relative\" id=\"slider-617850202\" >\n    <div class=\"slider slider-nav-circle slider-nav-large slider-nav-light slider-style-normal\"\n        data-flickity-options='{\n            \"cellAlign\": \"center\",\n            \"imagesLoaded\": true,\n            \"lazyLoad\": 1,\n            \"freeScroll\": false,\n            \"wrapAround\": true,\n            \"autoPlay\": 6000,\n            \"pauseAutoPlayOnHover\" : true,\n            \"prevNextButtons\": true,\n            \"contain\" : true,\n            \"adaptiveHeight\" : true,\n            \"dragThreshold\" : 10,\n            \"percentPosition\": true,\n            \"pageDots\": true,\n            \"rightToLeft\": false,\n            \"draggable\": true,\n            \"selectedAttraction\": 0.1,\n            \"parallax\" : 0,\n            \"friction\": 0.6        }'\n        >\n        \n\n\t<div class=\"img has-hover x md-x lg-x y md-y lg-y\" id=\"image_772286514\">\n\t\t\t\t\t\t\t\t<div class=\"img-inner dark\" >\n\t\t\t<img loading=\"lazy\" decoding=\"async\" width=\"1020\" height=\"266\" src=\"https:\/\/baytoyoto.com\/wp-content\/uploads\/2026\/04\/57cbce35909c3a97548656622ad9dbea.jpg\" class=\"attachment-large size-large\" alt=\"\" \/>\t\t\t\t\t\t\n\t\t\t\t\t<\/div>\n\t\t\t\t\t\t\t\t\n<style>\n#image_772286514 {\n  width: 100%;\n}\n<\/style>\n\t<\/div>\n\t\n\n\n     <\/div>\n\n     <div class=\"loading-spin dark large centered\"><\/div>\n\n     <\/div>\n\n\n<div class=\"row\"  id=\"row-425160953\">\n\n\n\t<div id=\"col-1073200710\" class=\"col medium-4 small-12 large-4\"  >\n\t\t<div class=\"col-inner\"  >\n\t\t\t\n\t\t\t\n\n\n  <div class=\"banner has-hover bg-zoom-fade\" id=\"banner-593028823\">\n          <div class=\"banner-inner fill\">\n        <div class=\"banner-bg fill\" >\n            <div class=\"bg fill bg-fill \"><\/div>\n                                    \n                    <\/div>\n        <div class=\"banner-layers container\">\n            <a class=\"fill\" href=\"blog\"  ><div class=\"fill banner-link\"><\/div><\/a>            \n\n   <div id=\"text-box-1715269147\" class=\"text-box banner-layer x50 md-x50 lg-x50 y50 md-y50 lg-y50 res-text\">\n                                <div class=\"text dark\">\n              \n              <div class=\"text-inner text-center\">\n                  \n\n<h2><a href=\"https:\/\/baytoyoto.com\/index.php\/hesabim\/\"><strong><span class=\"uppercase\">BAY\u0130 G\u0130R\u0130\u015e\u0130<\/span><\/strong><\/a><\/h2>\n<div class=\"is-divider divider clearfix\" ><\/div>\n\n\n              <\/div>\n           <\/div>\n                            \n<style>\n#text-box-1715269147 {\n  width: 60%;\n}\n#text-box-1715269147 .text {\n  font-size: 100%;\n}\n<\/style>\n    <\/div>\n \n\n        <\/div>\n      <\/div>\n\n            \n<style>\n#banner-593028823 {\n  padding-top: 80px;\n}\n#banner-593028823 .bg.bg-loaded {\n  background-image: 3834;\n}\n#banner-593028823 .bg {\n  background-position: 55% 11%;\n}\n<\/style>\n  <\/div>\n\n\n\n\t\t<\/div>\n\t\t\t<\/div>\n\n\t\n\n\t<div id=\"col-404099298\" class=\"col medium-4 small-12 large-4\"  >\n\t\t<div class=\"col-inner\"  >\n\t\t\t\n\t\t\t\n\n\n  <div class=\"banner has-hover bg-zoom-fade\" id=\"banner-1769986088\">\n          <div class=\"banner-inner fill\">\n        <div class=\"banner-bg fill\" >\n            <div class=\"bg fill bg-fill \"><\/div>\n                                    \n                    <\/div>\n        <div class=\"banner-layers container\">\n            <a class=\"fill\" href=\"http:\/\/localhost:8888\/test\/blog\/\"  ><div class=\"fill banner-link\"><\/div><\/a>            \n\n   <div id=\"text-box-1900495174\" class=\"text-box banner-layer x50 md-x50 lg-x50 y50 md-y50 lg-y50 res-text\">\n                                <div class=\"text dark\">\n              \n              <div class=\"text-inner text-center\">\n                  \n\n<h2><a href=\"https:\/\/baytoyoto.com\/index.php\/magaza\/\"><span style=\"text-transform: uppercase;\"><b>MAGAZA SAYFASI<\/b><\/span><\/a><\/h2>\n<div class=\"is-divider divider clearfix\" ><\/div>\n\n\n              <\/div>\n           <\/div>\n                            \n<style>\n#text-box-1900495174 {\n  width: 60%;\n}\n#text-box-1900495174 .text {\n  font-size: 100%;\n}\n<\/style>\n    <\/div>\n \n\n        <\/div>\n      <\/div>\n\n            \n<style>\n#banner-1769986088 {\n  padding-top: 80px;\n}\n#banner-1769986088 .bg.bg-loaded {\n  background-image: 3862;\n}\n<\/style>\n  <\/div>\n\n\n\n\t\t<\/div>\n\t\t\t<\/div>\n\n\t\n\n\t<div id=\"col-922997825\" class=\"col medium-4 small-12 large-4\"  >\n\t\t<div class=\"col-inner\"  >\n\t\t\t\n\t\t\t\n\n\n  <div class=\"banner has-hover bg-zoom-fade\" id=\"banner-1001111049\">\n          <div class=\"banner-inner fill\">\n        <div class=\"banner-bg fill\" >\n            <div class=\"bg fill bg-fill \"><\/div>\n                                    \n                    <\/div>\n        <div class=\"banner-layers container\">\n            <a class=\"fill\" href=\"about-us\"  ><div class=\"fill banner-link\"><\/div><\/a>            \n\n   <div id=\"text-box-812141080\" class=\"text-box banner-layer x50 md-x50 lg-x50 y50 md-y50 lg-y50 res-text\">\n                                <div class=\"text dark\">\n              \n              <div class=\"text-inner text-center\">\n                  \n\n<h2><a href=\"https:\/\/baytoyoto.com\/index.php\/24-2\/\"><strong><span class=\"uppercase\">KURUMSAL<\/span><\/strong><\/a><\/h2>\n<div class=\"is-divider divider clearfix\" ><\/div>\n\n\n              <\/div>\n           <\/div>\n                            \n<style>\n#text-box-812141080 {\n  width: 60%;\n}\n#text-box-812141080 .text {\n  font-size: 100%;\n}\n<\/style>\n    <\/div>\n \n\n        <\/div>\n      <\/div>\n\n            \n<style>\n#banner-1001111049 {\n  padding-top: 80px;\n}\n#banner-1001111049 .bg.bg-loaded {\n  background-image: 3833;\n}\n#banner-1001111049 .bg {\n  background-position: 71% 0%;\n}\n<\/style>\n  <\/div>\n\n\n\n\t\t<\/div>\n\t\t\t<\/div>\n\n\t\n\n<\/div>\n<div class=\"container section-title-container\" ><h3 class=\"section-title section-title-center\"><b><\/b><span class=\"section-title-main\" >C\u0130HAZLARIMIZ<\/span><b><\/b><\/h3><\/div>\n\n\n  \n    <div class=\"row large-columns-4 medium-columns-3 small-columns-2 row-small slider row-slider slider-nav-reveal slider-nav-push\"  data-flickity-options='{\"imagesLoaded\": true, \"groupCells\": \"100%\", \"dragThreshold\" : 5, \"cellAlign\": \"left\",\"wrapAround\": true,\"prevNextButtons\": true,\"percentPosition\": true,\"pageDots\": false, \"rightToLeft\": false, \"autoPlay\" : false}'>\n\n  \t<\/div>\n\n\t<div id=\"gap-1448931392\" class=\"gap-element clearfix\" style=\"display:block; height:auto;\">\n\t\t\n<style>\n#gap-1448931392 {\n  padding-top: 40px;\n}\n<\/style>\n\t<\/div>\n\t\n\n\t<div id=\"gap-873435116\" class=\"gap-element clearfix\" style=\"display:block; height:auto;\">\n\t\t\n<style>\n#gap-873435116 {\n  padding-top: 40px;\n}\n<\/style>\n\t<\/div>\n\t\n\n\n","protected":false},"excerpt":{"rendered":"","protected":false},"author":1,"featured_media":0,"parent":0,"menu_order":0,"comment_status":"closed","ping_status":"closed","template":"page-blank.php","meta":{"footnotes":""},"class_list":["post-2","page","type-page","status-publish","hentry"],"_links":{"self":[{"href":"https:\/\/baytoyoto.com\/index.php\/wp-json\/wp\/v2\/pages\/2","targetHints":{"allow":["GET"]}}],"collection":[{"href":"https:\/\/baytoyoto.com\/index.php\/wp-json\/wp\/v2\/pages"}],"about":[{"href":"https:\/\/baytoyoto.com\/index.php\/wp-json\/wp\/v2\/types\/page"}],"author":[{"embeddable":true,"href":"https:\/\/baytoyoto.com\/index.php\/wp-json\/wp\/v2\/users\/1"}],"replies":[{"embeddable":true,"href":"https:\/\/baytoyoto.com\/index.php\/wp-json\/wp\/v2\/comments?post=2"}],"version-history":[{"count":6,"href":"https:\/\/baytoyoto.com\/index.php\/wp-json\/wp\/v2\/pages\/2\/revisions"}],"predecessor-version":[{"id":56,"href":"https:\/\/baytoyoto.com\/index.php\/wp-json\/wp\/v2\/pages\/2\/revisions\/56"}],"wp:attachment":[{"href":"https:\/\/baytoyoto.com\/index.php\/wp-json\/wp\/v2\/media?parent=2"}],"curies":[{"name":"wp","href":"https:\/\/api.w.org\/{rel}","templated":true}]}}